{"id":725,"date":"2025-09-17T22:34:56","date_gmt":"2025-09-17T20:34:56","guid":{"rendered":"https:\/\/junliangma.com\/?page_id=725"},"modified":"2025-09-17T22:50:14","modified_gmt":"2025-09-17T20:50:14","slug":"ma-memoire-2024-2025","status":"publish","type":"page","link":"https:\/\/junliangma.com\/index.php\/sculpture-2\/ma-memoire-2024-2025\/","title":{"rendered":"Ma m\u00e9moire 2024-2025"},"content":{"rendered":"\n<p class=\"has-helvetica-neue-font-family\" style=\"font-style:normal;font-weight:300\">2024-2025<\/p>\n\n\n\n<p><\/p>\n\n\n\n<div class=\"wp-block-columns is-layout-flex wp-container-3 wp-block-columns-is-layout-flex\">\n<div class=\"wp-block-column is-layout-flow wp-block-column-is-layout-flow\">\n<figure class=\"wp-block-image size-large\"><img decoding=\"async\" loading=\"lazy\" width=\"1024\" height=\"684\" src=\"https:\/\/junliangma.com\/wp-content\/uploads\/2025\/09\/5-ma-junliang-composition-de-ma-memoire-2024-1024x684.jpg\" alt=\"\" class=\"wp-image-728\" srcset=\"https:\/\/junliangma.com\/wp-content\/uploads\/2025\/09\/5-ma-junliang-composition-de-ma-memoire-2024-1024x684.jpg 1024w, https:\/\/junliangma.com\/wp-content\/uploads\/2025\/09\/5-ma-junliang-composition-de-ma-memoire-2024-300x200.jpg 300w, https:\/\/junliangma.com\/wp-content\/uploads\/2025\/09\/5-ma-junliang-composition-de-ma-memoire-2024-768x513.jpg 768w, https:\/\/junliangma.com\/wp-content\/uploads\/2025\/09\/5-ma-junliang-composition-de-ma-memoire-2024.jpg 1500w\" sizes=\"(max-width: 1024px) 100vw, 1024px\" \/><\/figure>\n<\/div>\n\n\n\n<div class=\"wp-block-column is-layout-flow wp-block-column-is-layout-flow\">\n<figure class=\"wp-block-image size-large\"><img decoding=\"async\" loading=\"lazy\" width=\"1024\" height=\"684\" src=\"https:\/\/junliangma.com\/wp-content\/uploads\/2025\/09\/6-ma-junliang-composition-de-ma-memoire-2025-1024x684.jpg\" alt=\"\" class=\"wp-image-729\" srcset=\"https:\/\/junliangma.com\/wp-content\/uploads\/2025\/09\/6-ma-junliang-composition-de-ma-memoire-2025-1024x684.jpg 1024w, https:\/\/junliangma.com\/wp-content\/uploads\/2025\/09\/6-ma-junliang-composition-de-ma-memoire-2025-300x200.jpg 300w, https:\/\/junliangma.com\/wp-content\/uploads\/2025\/09\/6-ma-junliang-composition-de-ma-memoire-2025-768x513.jpg 768w, https:\/\/junliangma.com\/wp-content\/uploads\/2025\/09\/6-ma-junliang-composition-de-ma-memoire-2025.jpg 1500w\" sizes=\"(max-width: 1024px) 100vw, 1024px\" \/><\/figure>\n<\/div>\n<\/div>\n\n\n\n<div class=\"wp-block-media-text is-stacked-on-mobile\" style=\"grid-template-columns:49% auto\"><figure class=\"wp-block-media-text__media\"><img decoding=\"async\" loading=\"lazy\" width=\"684\" height=\"1024\" src=\"https:\/\/junliangma.com\/wp-content\/uploads\/2025\/09\/11-ma-junliang-composition-de-ma-memoire-2025-684x1024.jpg\" alt=\"\" class=\"wp-image-734 size-full\" srcset=\"https:\/\/junliangma.com\/wp-content\/uploads\/2025\/09\/11-ma-junliang-composition-de-ma-memoire-2025-684x1024.jpg 684w, https:\/\/junliangma.com\/wp-content\/uploads\/2025\/09\/11-ma-junliang-composition-de-ma-memoire-2025-200x300.jpg 200w, https:\/\/junliangma.com\/wp-content\/uploads\/2025\/09\/11-ma-junliang-composition-de-ma-memoire-2025-768x1150.jpg 768w, https:\/\/junliangma.com\/wp-content\/uploads\/2025\/09\/11-ma-junliang-composition-de-ma-memoire-2025-1026x1536.jpg 1026w, https:\/\/junliangma.com\/wp-content\/uploads\/2025\/09\/11-ma-junliang-composition-de-ma-memoire-2025-1368x2048.jpg 1368w, https:\/\/junliangma.com\/wp-content\/uploads\/2025\/09\/11-ma-junliang-composition-de-ma-memoire-2025.jpg 1500w\" sizes=\"(max-width: 684px) 100vw, 684px\" \/><\/figure><div class=\"wp-block-media-text__content\">\n<p class=\"has-helvetica-neue-font-family has-medium-font-size\" style=\"font-style:normal;font-weight:300\">\u00c0 partir d\u2019anneaux tourn\u00e9s, les pi\u00e8ces sont d\u00e9chir\u00e9es et puis recompos\u00e9es en demi-cercle ou&nbsp; en fragment plus dispers\u00e9s. Soit superposer ces fragments sur une autre partie en demi-cercle plus grande, soit les assembler tout comme dans la construction d\u2019un jardin, o\u00f9 la disposition est guid\u00e9e par les fragments trouv\u00e9s sur place. Issus de divers anneaux, en gr\u00e8s ou en porcelaine, ces fragments ont \u00e9t\u00e9 cr\u00e9\u00e9s \u00e0 des instants distincts et portent en eux des traces de d\u00e9chirures vari\u00e9es. Avant l\u2019assemblage, ils \u00e9voquent une ruine. La disposition de chaque fragment est pens\u00e9e en fonction de la structure n\u00e9cessaire \u00e0 la construction, du proc\u00e9d\u00e9 de la cuisson, des \u00e9maux pr\u00e9vues et la nature telle que je l\u2019imagine.<\/p>\n\n\n\n<p class=\"has-helvetica-neue-font-family has-medium-font-size\" style=\"font-style:normal;font-weight:300\">Une fois assembl\u00e9s en un tout nouveau, ces fragments perdent leur identit\u00e9s et leur m\u00e9moires initiales, qui soient encore brouill\u00e9s par les diff\u00e9rentes couleurs d\u2019\u00e9mail. Apr\u00e8s la cuisson, la sculpture semble toujours \u00e0 la limite entre dispersion et coh\u00e9sion. Est-ce une illusion fugace ou une autre forme de r\u00e9alit\u00e9 ?<\/p>\n<\/div><\/div>\n\n\n\n<div class=\"wp-block-columns are-vertically-aligned-top is-layout-flex wp-container-6 wp-block-columns-is-layout-flex\">\n<div class=\"wp-block-column is-vertically-aligned-top is-layout-flow wp-block-column-is-layout-flow\">\n<figure class=\"wp-block-image size-large\"><img decoding=\"async\" loading=\"lazy\" width=\"684\" height=\"1024\" src=\"https:\/\/junliangma.com\/wp-content\/uploads\/2025\/09\/DSCF9613-e1758094576130-684x1024.jpg\" alt=\"\" class=\"wp-image-739\" srcset=\"https:\/\/junliangma.com\/wp-content\/uploads\/2025\/09\/DSCF9613-e1758094576130-684x1024.jpg 684w, https:\/\/junliangma.com\/wp-content\/uploads\/2025\/09\/DSCF9613-e1758094576130-200x300.jpg 200w, https:\/\/junliangma.com\/wp-content\/uploads\/2025\/09\/DSCF9613-e1758094576130-768x1150.jpg 768w, https:\/\/junliangma.com\/wp-content\/uploads\/2025\/09\/DSCF9613-e1758094576130.jpg 1000w\" sizes=\"(max-width: 684px) 100vw, 684px\" \/><\/figure>\n<\/div>\n\n\n\n<div class=\"wp-block-column is-vertically-aligned-top is-layout-flow wp-block-column-is-layout-flow\">\n<figure class=\"wp-block-image size-large\"><img decoding=\"async\" loading=\"lazy\" width=\"684\" height=\"1024\" src=\"https:\/\/junliangma.com\/wp-content\/uploads\/2025\/09\/12-ma-junliang-composition-de-ma-memoire-2025-\u62f7\u8c9d-684x1024.jpg\" alt=\"\" class=\"wp-image-738\" srcset=\"https:\/\/junliangma.com\/wp-content\/uploads\/2025\/09\/12-ma-junliang-composition-de-ma-memoire-2025-\u62f7\u8c9d-684x1024.jpg 684w, https:\/\/junliangma.com\/wp-content\/uploads\/2025\/09\/12-ma-junliang-composition-de-ma-memoire-2025-\u62f7\u8c9d-200x300.jpg 200w, https:\/\/junliangma.com\/wp-content\/uploads\/2025\/09\/12-ma-junliang-composition-de-ma-memoire-2025-\u62f7\u8c9d-768x1150.jpg 768w, https:\/\/junliangma.com\/wp-content\/uploads\/2025\/09\/12-ma-junliang-composition-de-ma-memoire-2025-\u62f7\u8c9d.jpg 1002w\" sizes=\"(max-width: 684px) 100vw, 684px\" \/><\/figure>\n<\/div>\n<\/div>\n\n\n\n<figure class=\"wp-block-image size-large\"><img decoding=\"async\" loading=\"lazy\" width=\"1024\" height=\"684\" src=\"https:\/\/junliangma.com\/wp-content\/uploads\/2025\/09\/7-ma-junliang-composition-de-ma-memoire-2025-1024x684.jpg\" alt=\"\" class=\"wp-image-730\" srcset=\"https:\/\/junliangma.com\/wp-content\/uploads\/2025\/09\/7-ma-junliang-composition-de-ma-memoire-2025-1024x684.jpg 1024w, https:\/\/junliangma.com\/wp-content\/uploads\/2025\/09\/7-ma-junliang-composition-de-ma-memoire-2025-300x200.jpg 300w, https:\/\/junliangma.com\/wp-content\/uploads\/2025\/09\/7-ma-junliang-composition-de-ma-memoire-2025-768x513.jpg 768w, https:\/\/junliangma.com\/wp-content\/uploads\/2025\/09\/7-ma-junliang-composition-de-ma-memoire-2025.jpg 1500w\" sizes=\"(max-width: 1024px) 100vw, 1024px\" \/><\/figure>\n\n\n\n<div class=\"wp-block-columns is-layout-flex wp-container-9 wp-block-columns-is-layout-flex\">\n<div class=\"wp-block-column is-layout-flow wp-block-column-is-layout-flow\">\n<figure class=\"wp-block-image size-large\"><img decoding=\"async\" loading=\"lazy\" width=\"684\" height=\"1024\" src=\"https:\/\/junliangma.com\/wp-content\/uploads\/2025\/09\/13-ma-junliang-composition-de-ma-memoire-2025-684x1024.jpg\" alt=\"\" class=\"wp-image-736\" srcset=\"https:\/\/junliangma.com\/wp-content\/uploads\/2025\/09\/13-ma-junliang-composition-de-ma-memoire-2025-684x1024.jpg 684w, https:\/\/junliangma.com\/wp-content\/uploads\/2025\/09\/13-ma-junliang-composition-de-ma-memoire-2025-200x300.jpg 200w, https:\/\/junliangma.com\/wp-content\/uploads\/2025\/09\/13-ma-junliang-composition-de-ma-memoire-2025-768x1150.jpg 768w, https:\/\/junliangma.com\/wp-content\/uploads\/2025\/09\/13-ma-junliang-composition-de-ma-memoire-2025-1026x1536.jpg 1026w, https:\/\/junliangma.com\/wp-content\/uploads\/2025\/09\/13-ma-junliang-composition-de-ma-memoire-2025-1368x2048.jpg 1368w, https:\/\/junliangma.com\/wp-content\/uploads\/2025\/09\/13-ma-junliang-composition-de-ma-memoire-2025-scaled.jpg 1710w\" sizes=\"(max-width: 684px) 100vw, 684px\" \/><\/figure>\n<\/div>\n\n\n\n<div class=\"wp-block-column is-layout-flow wp-block-column-is-layout-flow\">\n<figure class=\"wp-block-image size-large\"><img decoding=\"async\" loading=\"lazy\" width=\"684\" height=\"1024\" src=\"https:\/\/junliangma.com\/wp-content\/uploads\/2025\/09\/14-ma-junliang-composition-de-ma-memoire-2025-684x1024.jpg\" alt=\"\" class=\"wp-image-737\" srcset=\"https:\/\/junliangma.com\/wp-content\/uploads\/2025\/09\/14-ma-junliang-composition-de-ma-memoire-2025-684x1024.jpg 684w, https:\/\/junliangma.com\/wp-content\/uploads\/2025\/09\/14-ma-junliang-composition-de-ma-memoire-2025-200x300.jpg 200w, https:\/\/junliangma.com\/wp-content\/uploads\/2025\/09\/14-ma-junliang-composition-de-ma-memoire-2025-768x1150.jpg 768w, https:\/\/junliangma.com\/wp-content\/uploads\/2025\/09\/14-ma-junliang-composition-de-ma-memoire-2025-1026x1536.jpg 1026w, https:\/\/junliangma.com\/wp-content\/uploads\/2025\/09\/14-ma-junliang-composition-de-ma-memoire-2025-1368x2048.jpg 1368w, https:\/\/junliangma.com\/wp-content\/uploads\/2025\/09\/14-ma-junliang-composition-de-ma-memoire-2025-scaled.jpg 1710w\" sizes=\"(max-width: 684px) 100vw, 684px\" \/><\/figure>\n<\/div>\n<\/div>\n","protected":false},"excerpt":{"rendered":"<p>2024-2025 \u00c0 partir d\u2019anneaux tourn\u00e9s, les pi\u00e8ces sont d [&hellip;]<\/p>\n","protected":false},"author":1,"featured_media":0,"parent":551,"menu_order":0,"comment_status":"closed","ping_status":"closed","template":"","meta":{"_ti_tpc_template_sync":false,"_ti_tpc_template_id":"","footnotes":""},"_links":{"self":[{"href":"https:\/\/junliangma.com\/index.php\/wp-json\/wp\/v2\/pages\/725"}],"collection":[{"href":"https:\/\/junliangma.com\/index.php\/wp-json\/wp\/v2\/pages"}],"about":[{"href":"https:\/\/junliangma.com\/index.php\/wp-json\/wp\/v2\/types\/page"}],"author":[{"embeddable":true,"href":"https:\/\/junliangma.com\/index.php\/wp-json\/wp\/v2\/users\/1"}],"replies":[{"embeddable":true,"href":"https:\/\/junliangma.com\/index.php\/wp-json\/wp\/v2\/comments?post=725"}],"version-history":[{"count":7,"href":"https:\/\/junliangma.com\/index.php\/wp-json\/wp\/v2\/pages\/725\/revisions"}],"predecessor-version":[{"id":752,"href":"https:\/\/junliangma.com\/index.php\/wp-json\/wp\/v2\/pages\/725\/revisions\/752"}],"up":[{"embeddable":true,"href":"https:\/\/junliangma.com\/index.php\/wp-json\/wp\/v2\/pages\/551"}],"wp:attachment":[{"href":"https:\/\/junliangma.com\/index.php\/wp-json\/wp\/v2\/media?parent=725"}],"curies":[{"name":"wp","href":"https:\/\/api.w.org\/{rel}","templated":true}]}}