{"id":641,"date":"2024-04-28T22:11:05","date_gmt":"2024-04-28T20:11:05","guid":{"rendered":"https:\/\/junliangma.com\/?page_id=641"},"modified":"2026-04-22T22:48:16","modified_gmt":"2026-04-22T20:48:16","slug":"a-venir","status":"publish","type":"page","link":"https:\/\/junliangma.com\/index.php\/evenement\/a-venir\/","title":{"rendered":"\u00c0 venir"},"content":{"rendered":"\n<p>2026<\/p>\n\n\n\n<ul>\n<li style=\"font-style:normal;font-weight:300\">20 mai &#8211; 31 juillet, Exposition \u00e0 la VILLA SONNEVILLE, LE FIL ROUGE, Roubaix (FR)<\/li>\n<\/ul>\n\n\n\n<ul>\n<li style=\"font-style:normal;font-weight:300\">24-25 mai March\u00e9 de la C\u00e9ramique, Andenne (BE)<\/li>\n<\/ul>\n\n\n\n<ul>\n<li style=\"font-style:normal;font-weight:300\">29-31 mai Exposition Tout Feu Tout Flamme, Saint-Leu-la-For\u00eat (FR)<\/li>\n<\/ul>\n\n\n\n<ul>\n<li style=\"font-style:normal;font-weight:300\">6-7 juin Biennale de Steenwerck (FR)<\/li>\n<\/ul>\n\n\n\n<ul>\n<li style=\"font-style:normal;font-weight:300\">27-28 juin 5\u00e8me Journ\u00e9es da la c\u00e9ramique de Delft (NL)<\/li>\n<\/ul>\n\n\n\n<ul>\n<li style=\"font-style:normal;font-weight:300\">8-9 ao\u00fbt 15\u00e8me Festival de C\u00e9ramique du Couvent\u2013Treigny (FR)<\/li>\n<\/ul>\n\n\n\n<ul>\n<li style=\"font-style:normal;font-weight:300\">21-23 ao\u00fbt 27\u00e8me March\u00e9 international des potiers \u00e0 Guewenheim (FR)<\/li>\n<\/ul>\n\n\n\n<p><\/p>\n\n\n\n<ul><\/ul>\n\n\n\n<p><\/p>\n\n\n\n<p><\/p>\n","protected":false},"excerpt":{"rendered":"<p>2026<\/p>\n","protected":false},"author":1,"featured_media":0,"parent":650,"menu_order":0,"comment_status":"closed","ping_status":"closed","template":"","meta":{"_ti_tpc_template_sync":false,"_ti_tpc_template_id":"","footnotes":""},"_links":{"self":[{"href":"https:\/\/junliangma.com\/index.php\/wp-json\/wp\/v2\/pages\/641"}],"collection":[{"href":"https:\/\/junliangma.com\/index.php\/wp-json\/wp\/v2\/pages"}],"about":[{"href":"https:\/\/junliangma.com\/index.php\/wp-json\/wp\/v2\/types\/page"}],"author":[{"embeddable":true,"href":"https:\/\/junliangma.com\/index.php\/wp-json\/wp\/v2\/users\/1"}],"replies":[{"embeddable":true,"href":"https:\/\/junliangma.com\/index.php\/wp-json\/wp\/v2\/comments?post=641"}],"version-history":[{"count":22,"href":"https:\/\/junliangma.com\/index.php\/wp-json\/wp\/v2\/pages\/641\/revisions"}],"predecessor-version":[{"id":774,"href":"https:\/\/junliangma.com\/index.php\/wp-json\/wp\/v2\/pages\/641\/revisions\/774"}],"up":[{"embeddable":true,"href":"https:\/\/junliangma.com\/index.php\/wp-json\/wp\/v2\/pages\/650"}],"wp:attachment":[{"href":"https:\/\/junliangma.com\/index.php\/wp-json\/wp\/v2\/media?parent=641"}],"curies":[{"name":"wp","href":"https:\/\/api.w.org\/{rel}","templated":true}]}}