{"id":45,"date":"2023-09-25T04:24:53","date_gmt":"2023-09-25T02:24:53","guid":{"rendered":"https:\/\/junliangma.com\/?page_id=45"},"modified":"2026-02-26T23:29:51","modified_gmt":"2026-02-26T22:29:51","slug":"a-propos","status":"publish","type":"page","link":"https:\/\/junliangma.com\/index.php\/a-propos\/","title":{"rendered":"\u00c0 propos"},"content":{"rendered":"\n<div class=\"wp-block-media-text alignwide is-stacked-on-mobile has-small-font-size\" style=\"grid-template-columns:75% auto\"><figure class=\"wp-block-media-text__media\"><img decoding=\"async\" loading=\"lazy\" width=\"1024\" height=\"688\" src=\"https:\/\/junliangma.com\/wp-content\/uploads\/2023\/12\/WechatIMG22-1-1024x688.jpg\" alt=\"\" class=\"wp-image-526 size-full\" srcset=\"https:\/\/junliangma.com\/wp-content\/uploads\/2023\/12\/WechatIMG22-1-1024x688.jpg 1024w, https:\/\/junliangma.com\/wp-content\/uploads\/2023\/12\/WechatIMG22-1-300x202.jpg 300w, https:\/\/junliangma.com\/wp-content\/uploads\/2023\/12\/WechatIMG22-1-768x516.jpg 768w, https:\/\/junliangma.com\/wp-content\/uploads\/2023\/12\/WechatIMG22-1.jpg 1280w\" sizes=\"(max-width: 1024px) 100vw, 1024px\" \/><\/figure><div class=\"wp-block-media-text__content\">\n<p class=\"has-text-align-center has-foreground-color has-text-color has-helvetica-neue-font-family\" style=\"font-size:0.9rem;font-style:normal;font-weight:400\">junliangma.ceramic@gmail.com <\/p>\n\n\n\n<ul class=\"wp-block-social-links aligncenter has-icon-color has-icon-background-color is-horizontal is-content-justification-center is-layout-flex wp-container-1 wp-block-social-links-is-layout-flex\"><li style=\"color: #ffffff; background-color: #3962e3; \" class=\"wp-social-link wp-social-link-instagram  wp-block-social-link\"><a href=\"https:\/\/www.instagram.com\/junliang.junliang\/\" class=\"wp-block-social-link-anchor\"><svg width=\"24\" height=\"24\" viewBox=\"0 0 24 24\" version=\"1.1\" xmlns=\"http:\/\/www.w3.org\/2000\/svg\" aria-hidden=\"true\" focusable=\"false\"><path d=\"M12,4.622c2.403,0,2.688,0.009,3.637,0.052c0.877,0.04,1.354,0.187,1.671,0.31c0.42,0.163,0.72,0.358,1.035,0.673 c0.315,0.315,0.51,0.615,0.673,1.035c0.123,0.317,0.27,0.794,0.31,1.671c0.043,0.949,0.052,1.234,0.052,3.637 s-0.009,2.688-0.052,3.637c-0.04,0.877-0.187,1.354-0.31,1.671c-0.163,0.42-0.358,0.72-0.673,1.035 c-0.315,0.315-0.615,0.51-1.035,0.673c-0.317,0.123-0.794,0.27-1.671,0.31c-0.949,0.043-1.233,0.052-3.637,0.052 s-2.688-0.009-3.637-0.052c-0.877-0.04-1.354-0.187-1.671-0.31c-0.42-0.163-0.72-0.358-1.035-0.673 c-0.315-0.315-0.51-0.615-0.673-1.035c-0.123-0.317-0.27-0.794-0.31-1.671C4.631,14.688,4.622,14.403,4.622,12 s0.009-2.688,0.052-3.637c0.04-0.877,0.187-1.354,0.31-1.671c0.163-0.42,0.358-0.72,0.673-1.035 c0.315-0.315,0.615-0.51,1.035-0.673c0.317-0.123,0.794-0.27,1.671-0.31C9.312,4.631,9.597,4.622,12,4.622 M12,3 C9.556,3,9.249,3.01,8.289,3.054C7.331,3.098,6.677,3.25,6.105,3.472C5.513,3.702,5.011,4.01,4.511,4.511 c-0.5,0.5-0.808,1.002-1.038,1.594C3.25,6.677,3.098,7.331,3.054,8.289C3.01,9.249,3,9.556,3,12c0,2.444,0.01,2.751,0.054,3.711 c0.044,0.958,0.196,1.612,0.418,2.185c0.23,0.592,0.538,1.094,1.038,1.594c0.5,0.5,1.002,0.808,1.594,1.038 c0.572,0.222,1.227,0.375,2.185,0.418C9.249,20.99,9.556,21,12,21s2.751-0.01,3.711-0.054c0.958-0.044,1.612-0.196,2.185-0.418 c0.592-0.23,1.094-0.538,1.594-1.038c0.5-0.5,0.808-1.002,1.038-1.594c0.222-0.572,0.375-1.227,0.418-2.185 C20.99,14.751,21,14.444,21,12s-0.01-2.751-0.054-3.711c-0.044-0.958-0.196-1.612-0.418-2.185c-0.23-0.592-0.538-1.094-1.038-1.594 c-0.5-0.5-1.002-0.808-1.594-1.038c-0.572-0.222-1.227-0.375-2.185-0.418C14.751,3.01,14.444,3,12,3L12,3z M12,7.378 c-2.552,0-4.622,2.069-4.622,4.622S9.448,16.622,12,16.622s4.622-2.069,4.622-4.622S14.552,7.378,12,7.378z M12,15 c-1.657,0-3-1.343-3-3s1.343-3,3-3s3,1.343,3,3S13.657,15,12,15z M16.804,6.116c-0.596,0-1.08,0.484-1.08,1.08 s0.484,1.08,1.08,1.08c0.596,0,1.08-0.484,1.08-1.08S17.401,6.116,16.804,6.116z\"><\/path><\/svg><span class=\"wp-block-social-link-label screen-reader-text\">Instagram<\/span><\/a><\/li>\n\n<li style=\"color: #ffffff; background-color: #3962e3; \" class=\"wp-social-link wp-social-link-mail  wp-block-social-link\"><a href=\"mailto:junliangma.ceramic@gmail.com\" class=\"wp-block-social-link-anchor\"><svg width=\"24\" height=\"24\" viewBox=\"0 0 24 24\" version=\"1.1\" xmlns=\"http:\/\/www.w3.org\/2000\/svg\" aria-hidden=\"true\" focusable=\"false\"><path d=\"M19,5H5c-1.1,0-2,.9-2,2v10c0,1.1.9,2,2,2h14c1.1,0,2-.9,2-2V7c0-1.1-.9-2-2-2zm.5,12c0,.3-.2.5-.5.5H5c-.3,0-.5-.2-.5-.5V9.8l7.5,5.6,7.5-5.6V17zm0-9.1L12,13.6,4.5,7.9V7c0-.3.2-.5.5-.5h14c.3,0,.5.2.5.5v.9z\"><\/path><\/svg><span class=\"wp-block-social-link-label screen-reader-text\">Mail<\/span><\/a><\/li><\/ul>\n<\/div><\/div>\n\n\n\n<pre class=\"wp-block-preformatted has-helvetica-neue-font-family\" style=\"font-size:0.9rem;font-style:normal;font-weight:300\"><\/pre>\n\n\n\n<p class=\"has-text-align-left has-helvetica-neue-font-family has-small-font-size\" style=\"font-style:normal;font-weight:400\">Dipl\u00f4m\u00e9 de l\u2019Acad\u00e9mie des Beaux-Arts de Chine en 2008, j&#8217;ai fond\u00e9 mon propre atelier \u00e0 Hangzhou en 2014. Je vis et travaille actuellement \u00e0 Strasbourg .<\/p>\n\n\n\n<p class=\"has-text-align-left has-helvetica-neue-font-family has-small-font-size\" style=\"font-style:normal;font-weight:400\">Ma cr\u00e9ation s&#8217;inscrit fondamentalement dans la lign\u00e9e de l&#8217;art c\u00e9ramique chinois, \u00e0 travers les techniques traditionnelles, le choix de la cuisson \u00e0 gaz, la recherche sur les \u00e9maux, ainsi que les formes h\u00e9rit\u00e9es de cette tradition.<\/p>\n\n\n\n<p class=\"has-helvetica-neue-font-family has-small-font-size\" style=\"font-style:normal;font-weight:400\">Mon approche a \u00e9t\u00e9 de me familiariser avec la c\u00e9ramique traditionnelle chinoise tout d&#8217;abord par la ma\u00eetrise de ses techniques telles que le p\u00e9trissage de l\u2019argile, le tournage, la d\u00e9couverte des secrets de la courbe de cuisson, l&#8217;apprentissage et la comparaison des formes repr\u00e9sentatives des diff\u00e9rentes dynasties. Par ce travail, j&#8217;ai acquis la capacit\u00e9 d&#8217;entendre la parole de ce mat\u00e9riau. La vitalit\u00e9 tout autant que la beaut\u00e9 de la c\u00e9ramique restent le sujet essentiel de ma cr\u00e9ation. Je transforme mes observations, ma perception des mat\u00e9riaux en un langage visuel, unique, en esp\u00e9rant doter la c\u00e9ramique d&#8217;une vitalit\u00e9 contemporaine \u00e0 travers mes propres explorations et recherches.<\/p>\n\n\n\n<p class=\"has-helvetica-neue-font-family has-small-font-size\" style=\"font-style:normal;font-weight:400\">Mon travail se caract\u00e9rise par une forme de virtuosit\u00e9 qui s&#8217;exprime dans la subtilit\u00e9 de l\u2019\u00e9mail, la perfection de la forme et la d\u00e9licatesse des d\u00e9tails, parmi lesquelles, la cr\u00e9ation d\u2019\u00e9maux est une recherche que je poursuis contin\u00fbment. Je cr\u00e9e mes \u00e9maux gr\u00e2ce \u00e0 mes connaissances issues d&#8217;\u00e9tudes th\u00e9oriques, mais aussi par mes observations sur les porcelaines anciennes et par mes r\u00e9sultats d&#8217;exp\u00e9rimentations. Blanc cyan, c\u00e9ladon ciel, vert carapace de crabe, ocre bambou, rouge kaki, bleu jade, taches brunes, noir huil\u00e9 : ce sont des \u00e9maux vari\u00e9s d&#8217;une m\u00eame origine, \u00e0 savoir le c\u00e9ladon, l&#8217;\u00e9mail le plus traditionnel chinois. J\u2019\u00e9tends peu \u00e0 peu le spectre du c\u00e9ladon, dans lequel j\u2019ai essay\u00e9 d\u2019introduire \u00e0 la fois une nouvelle vitalit\u00e9 et ma propre compr\u00e9hension des \u00e9maux.<\/p>\n\n\n\n<div class=\"wp-block-columns is-layout-flex wp-container-3 wp-block-columns-is-layout-flex\">\n<div class=\"wp-block-column is-layout-flow wp-block-column-is-layout-flow\"><\/div>\n<\/div>\n\n\n\n<pre class=\"wp-block-preformatted has-helvetica-neue-font-family has-small-font-size\" style=\"font-style:normal;font-weight:400\"><em>Exposition &amp; Prix<\/em>\n\n2025 13e \u00e9dition du salon r\u00e9sonances Strasbourg (FR)\n2025 Salon d\u2019art en artisans Montigny-l\u00e8s-Metz (FR)\n2025 21e \u00e9dition du salon C14 Paris (FR)\n2025 Prix du jury - March\u00e9 des potiers Melun (FR)\n2025 Prix de \u201cLumi\u00e8re sur 2025\u201d Solargil - Festival Bandol C\u00e9ramique (FR)\n2024 12e \u00e9dition du salon r\u00e9sonances Strasbourg (FR)\n2024 20e \u00e9dition du salon C14 Paris (FR)\n2024 Terralha Festival Europ\u00e9en C\u00e9ramique Saint-Quentin-la-Poterie (FR)\n2024 Exposition \u201cSortie de r\u00e9sidence\u201d Saint-Quentin-la-Poterie (FR)\n2023 R\u00e9sidence \u00e0 Saint-Quentin-la-Poterie (FR)\n2021 Exposition personnelle \u300a\u9752\u5c71\u91cd\u300bWan gallery Shanghai (CN)\n2020 Exposition personnelle \u300a\u9752\u7eff\u95f4 \u6d45\u659f\u4f4e\u5531\u300bMelfish gallery Beijing (CN)\n2019 Exposition personnelle \u300a\u9910\u684c\u4e0a\u7684\u9752\u74f7\u300bWan gallery Shanghai (CN)\n2013 \u201cYoung Talents\u201d Messe Frankfurt (DE)\n2013 Exposition d'ouverture du mus\u00e9e d'art de l'Himalaya de Shanghai (CN)\n2012 La 8e Biennale des jeunes artistes : les c\u00e9ramistes chinois contemporains Hangzhou (CN)<\/pre>\n\n\n\n<div class=\"wp-block-columns is-layout-flex wp-container-6 wp-block-columns-is-layout-flex\">\n<div class=\"wp-block-column is-layout-flow wp-block-column-is-layout-flow\"><\/div>\n\n\n\n<div class=\"wp-block-column is-layout-flow wp-block-column-is-layout-flow\"><\/div>\n<\/div>\n\n\n\n<div class=\"wp-block-columns is-layout-flex wp-container-8 wp-block-columns-is-layout-flex\">\n<div class=\"wp-block-column is-layout-flow wp-block-column-is-layout-flow\"><\/div>\n<\/div>\n\n\n\n<p><\/p>\n\n\n\n<p><\/p>\n\n\n\n<p><\/p>\n\n\n\n<p><\/p>\n","protected":false},"excerpt":{"rendered":"<p>Dipl\u00f4m\u00e9 de l\u2019Acad\u00e9mie des Beaux-Arts de Chine en 2008,  [&hellip;]<\/p>\n","protected":false},"author":1,"featured_media":0,"parent":0,"menu_order":5,"comment_status":"closed","ping_status":"closed","template":"","meta":{"_ti_tpc_template_sync":false,"_ti_tpc_template_id":"","footnotes":""},"_links":{"self":[{"href":"https:\/\/junliangma.com\/index.php\/wp-json\/wp\/v2\/pages\/45"}],"collection":[{"href":"https:\/\/junliangma.com\/index.php\/wp-json\/wp\/v2\/pages"}],"about":[{"href":"https:\/\/junliangma.com\/index.php\/wp-json\/wp\/v2\/types\/page"}],"author":[{"embeddable":true,"href":"https:\/\/junliangma.com\/index.php\/wp-json\/wp\/v2\/users\/1"}],"replies":[{"embeddable":true,"href":"https:\/\/junliangma.com\/index.php\/wp-json\/wp\/v2\/comments?post=45"}],"version-history":[{"count":50,"href":"https:\/\/junliangma.com\/index.php\/wp-json\/wp\/v2\/pages\/45\/revisions"}],"predecessor-version":[{"id":765,"href":"https:\/\/junliangma.com\/index.php\/wp-json\/wp\/v2\/pages\/45\/revisions\/765"}],"wp:attachment":[{"href":"https:\/\/junliangma.com\/index.php\/wp-json\/wp\/v2\/media?parent=45"}],"curies":[{"name":"wp","href":"https:\/\/api.w.org\/{rel}","templated":true}]}}