{"id":178,"date":"2023-10-01T21:07:35","date_gmt":"2023-10-01T19:07:35","guid":{"rendered":"https:\/\/junliangma.com\/?page_id=178"},"modified":"2024-05-11T00:09:44","modified_gmt":"2024-05-10T22:09:44","slug":"sculpture","status":"publish","type":"page","link":"https:\/\/junliangma.com\/index.php\/sculpture-2\/sculpture\/","title":{"rendered":"Pic camoufl\u00e9"},"content":{"rendered":"\n<p class=\"has-helvetica-neue-font-family has-small-font-size\" style=\"font-style:normal;font-weight:300\">Pic camoufl\u00e9<\/p>\n\n\n\n<p class=\"has-helvetica-neue-font-family has-small-font-size\" style=\"font-style:normal;font-weight:300\">Il s\u2019agit d\u2019une exp\u00e9rience personnelle qui \u00e9voque une autre exp\u00e9rience personnelle.<\/p>\n\n\n\n<p class=\"has-helvetica-neue-font-family has-small-font-size\" style=\"font-style:normal;font-weight:300\">Lors de ma r\u00e9sidence \u00e0 Saint-Quentin-La-Poterie, chaque apr\u00e8s-midi je me promenais dans le parc de Madone. Un jour, j\u2019ai d\u00e9couvert les rochers dans la for\u00eat : la couleur, la forme et le disposition des pierres ; l\u2019ensemble de tout cela me rappelle tout de suite un paysage de mon pays natal qui s\u2019appelle \u201cFeilai Feng\u98de\u6765\u5cf0\u201d. Feilai Feng se trouve dans le jardin du Temple Lingyin (construit en 326), qui a \u00e9t\u00e9 construit par un moine d\u2019origine indien. Le paysage tout autour de ce pic lui rappelait celui de son pays natal en Inde comme si le pic avait vol\u00e9 ici tout seul. Le moine a donc nomm\u00e9 ce pic \u201cFeilai Feng\u201d, qui signifie le pic venu de son pays natal.&nbsp;<\/p>\n\n\n\n<p class=\"has-helvetica-neue-font-family has-small-font-size\" style=\"font-style:normal;font-weight:300\">J\u2019ai ramass\u00e9 dans la for\u00eat des \u00e9l\u00e9ments naturels tel que le mousse, le bois pourri et les caillots qui servent chacun de mani\u00e8re diff\u00e9rente dans le processus de ma cr\u00e9ation. Par exemple, le caillot devient un outil pour d\u00e9chirer mes pi\u00e8ces. Le mousse et le bois pourri, je les m\u00e9lange avec la terre pour la transformer en une nouvelle terre que je vais utiliser plus tard.&nbsp;<\/p>\n\n\n\n<div class=\"wp-block-columns is-layout-flex wp-container-3 wp-block-columns-is-layout-flex\">\n<div class=\"wp-block-column is-layout-flow wp-block-column-is-layout-flow\">\n<figure class=\"wp-block-image size-large\"><img decoding=\"async\" loading=\"lazy\" width=\"1024\" height=\"683\" src=\"https:\/\/junliangma.com\/wp-content\/uploads\/2023\/12\/2023-13-1024x683.jpg\" alt=\"\" class=\"wp-image-374\" srcset=\"https:\/\/junliangma.com\/wp-content\/uploads\/2023\/12\/2023-13-1024x683.jpg 1024w, https:\/\/junliangma.com\/wp-content\/uploads\/2023\/12\/2023-13-300x200.jpg 300w, https:\/\/junliangma.com\/wp-content\/uploads\/2023\/12\/2023-13-768x513.jpg 768w, https:\/\/junliangma.com\/wp-content\/uploads\/2023\/12\/2023-13.jpg 1500w\" sizes=\"(max-width: 1024px) 100vw, 1024px\" \/><\/figure>\n<\/div>\n\n\n\n<div class=\"wp-block-column is-layout-flow wp-block-column-is-layout-flow\">\n<figure class=\"wp-block-image size-large\"><img decoding=\"async\" loading=\"lazy\" width=\"1024\" height=\"683\" src=\"https:\/\/junliangma.com\/wp-content\/uploads\/2023\/12\/2023-12-1024x683.jpg\" alt=\"\" class=\"wp-image-373\" srcset=\"https:\/\/junliangma.com\/wp-content\/uploads\/2023\/12\/2023-12-1024x683.jpg 1024w, https:\/\/junliangma.com\/wp-content\/uploads\/2023\/12\/2023-12-300x200.jpg 300w, https:\/\/junliangma.com\/wp-content\/uploads\/2023\/12\/2023-12-768x512.jpg 768w, https:\/\/junliangma.com\/wp-content\/uploads\/2023\/12\/2023-12.jpg 1500w\" sizes=\"(max-width: 1024px) 100vw, 1024px\" \/><\/figure>\n<\/div>\n<\/div>\n\n\n\n<div class=\"wp-block-columns is-layout-flex wp-container-5 wp-block-columns-is-layout-flex\">\n<div class=\"wp-block-column is-layout-flow wp-block-column-is-layout-flow\">\n<figure class=\"wp-block-image size-large\"><img decoding=\"async\" loading=\"lazy\" width=\"1024\" height=\"683\" src=\"https:\/\/junliangma.com\/wp-content\/uploads\/2023\/10\/DSCF4399-1024x683.jpg\" alt=\"\" class=\"wp-image-276\" srcset=\"https:\/\/junliangma.com\/wp-content\/uploads\/2023\/10\/DSCF4399-1024x683.jpg 1024w, https:\/\/junliangma.com\/wp-content\/uploads\/2023\/10\/DSCF4399-300x200.jpg 300w, https:\/\/junliangma.com\/wp-content\/uploads\/2023\/10\/DSCF4399-768x512.jpg 768w, https:\/\/junliangma.com\/wp-content\/uploads\/2023\/10\/DSCF4399-1200x800.jpg 1200w, https:\/\/junliangma.com\/wp-content\/uploads\/2023\/10\/DSCF4399-620x413.jpg 620w, https:\/\/junliangma.com\/wp-content\/uploads\/2023\/10\/DSCF4399-400x267.jpg 400w, https:\/\/junliangma.com\/wp-content\/uploads\/2023\/10\/DSCF4399.jpg 1500w\" sizes=\"(max-width: 1024px) 100vw, 1024px\" \/><\/figure>\n<\/div>\n<\/div>\n\n\n\n<div class=\"wp-block-columns is-layout-flex wp-container-7 wp-block-columns-is-layout-flex\">\n<div class=\"wp-block-column is-layout-flow wp-block-column-is-layout-flow\">\n<figure class=\"wp-block-image size-large\"><img decoding=\"async\" loading=\"lazy\" width=\"1024\" height=\"683\" src=\"https:\/\/junliangma.com\/wp-content\/uploads\/2023\/12\/2023-05-1024x683.jpg\" alt=\"\" class=\"wp-image-383\" srcset=\"https:\/\/junliangma.com\/wp-content\/uploads\/2023\/12\/2023-05-1024x683.jpg 1024w, https:\/\/junliangma.com\/wp-content\/uploads\/2023\/12\/2023-05-300x200.jpg 300w, https:\/\/junliangma.com\/wp-content\/uploads\/2023\/12\/2023-05-768x512.jpg 768w, https:\/\/junliangma.com\/wp-content\/uploads\/2023\/12\/2023-05.jpg 1200w\" sizes=\"(max-width: 1024px) 100vw, 1024px\" \/><\/figure>\n<\/div>\n<\/div>\n\n\n\n<div class=\"wp-block-columns is-layout-flex wp-container-9 wp-block-columns-is-layout-flex\">\n<div class=\"wp-block-column is-layout-flow wp-block-column-is-layout-flow\">\n<figure class=\"wp-block-image size-large\"><img decoding=\"async\" loading=\"lazy\" width=\"1024\" height=\"682\" src=\"https:\/\/junliangma.com\/wp-content\/uploads\/2023\/10\/DSCF4377\u62f7\u8c9d-1024x682.jpg\" alt=\"\" class=\"wp-image-274\" srcset=\"https:\/\/junliangma.com\/wp-content\/uploads\/2023\/10\/DSCF4377\u62f7\u8c9d-1024x682.jpg 1024w, https:\/\/junliangma.com\/wp-content\/uploads\/2023\/10\/DSCF4377\u62f7\u8c9d-300x200.jpg 300w, https:\/\/junliangma.com\/wp-content\/uploads\/2023\/10\/DSCF4377\u62f7\u8c9d-768x512.jpg 768w, https:\/\/junliangma.com\/wp-content\/uploads\/2023\/10\/DSCF4377\u62f7\u8c9d.jpg 1216w\" sizes=\"(max-width: 1024px) 100vw, 1024px\" \/><\/figure>\n<\/div>\n<\/div>\n\n\n\n<figure class=\"wp-block-image size-large\"><img decoding=\"async\" loading=\"lazy\" width=\"1024\" height=\"683\" src=\"https:\/\/junliangma.com\/wp-content\/uploads\/2023\/10\/DSCF4382-1024x683.jpg\" alt=\"\" class=\"wp-image-277\" srcset=\"https:\/\/junliangma.com\/wp-content\/uploads\/2023\/10\/DSCF4382-1024x683.jpg 1024w, https:\/\/junliangma.com\/wp-content\/uploads\/2023\/10\/DSCF4382-300x200.jpg 300w, https:\/\/junliangma.com\/wp-content\/uploads\/2023\/10\/DSCF4382-768x512.jpg 768w, https:\/\/junliangma.com\/wp-content\/uploads\/2023\/10\/DSCF4382.jpg 1500w\" sizes=\"(max-width: 1024px) 100vw, 1024px\" \/><\/figure>\n\n\n\n<div class=\"wp-block-columns is-layout-flex wp-container-12 wp-block-columns-is-layout-flex\">\n<div class=\"wp-block-column is-layout-flow wp-block-column-is-layout-flow\">\n<figure class=\"wp-block-image size-large\"><img decoding=\"async\" loading=\"lazy\" width=\"1024\" height=\"683\" src=\"https:\/\/junliangma.com\/wp-content\/uploads\/2023\/12\/2023-16-1024x683.jpg\" alt=\"\" class=\"wp-image-377\" srcset=\"https:\/\/junliangma.com\/wp-content\/uploads\/2023\/12\/2023-16-1024x683.jpg 1024w, https:\/\/junliangma.com\/wp-content\/uploads\/2023\/12\/2023-16-300x200.jpg 300w, https:\/\/junliangma.com\/wp-content\/uploads\/2023\/12\/2023-16-768x512.jpg 768w, https:\/\/junliangma.com\/wp-content\/uploads\/2023\/12\/2023-16.jpg 1500w\" sizes=\"(max-width: 1024px) 100vw, 1024px\" \/><\/figure>\n<\/div>\n\n\n\n<div class=\"wp-block-column is-layout-flow wp-block-column-is-layout-flow\">\n<figure class=\"wp-block-image size-large\"><img decoding=\"async\" loading=\"lazy\" width=\"1024\" height=\"683\" src=\"https:\/\/junliangma.com\/wp-content\/uploads\/2023\/12\/2023-15-1024x683.jpg\" alt=\"\" class=\"wp-image-376\" srcset=\"https:\/\/junliangma.com\/wp-content\/uploads\/2023\/12\/2023-15-1024x683.jpg 1024w, https:\/\/junliangma.com\/wp-content\/uploads\/2023\/12\/2023-15-300x200.jpg 300w, https:\/\/junliangma.com\/wp-content\/uploads\/2023\/12\/2023-15-768x512.jpg 768w, https:\/\/junliangma.com\/wp-content\/uploads\/2023\/12\/2023-15.jpg 1500w\" sizes=\"(max-width: 1024px) 100vw, 1024px\" \/><\/figure>\n<\/div>\n<\/div>\n\n\n\n<div class=\"wp-block-columns is-layout-flex wp-container-14 wp-block-columns-is-layout-flex\">\n<div class=\"wp-block-column is-layout-flow wp-block-column-is-layout-flow\">\n<figure class=\"wp-block-image size-large\"><img decoding=\"async\" loading=\"lazy\" width=\"1024\" height=\"683\" src=\"https:\/\/junliangma.com\/wp-content\/uploads\/2023\/12\/2023-17-1024x683.jpg\" alt=\"\" class=\"wp-image-378\" srcset=\"https:\/\/junliangma.com\/wp-content\/uploads\/2023\/12\/2023-17-1024x683.jpg 1024w, https:\/\/junliangma.com\/wp-content\/uploads\/2023\/12\/2023-17-300x200.jpg 300w, https:\/\/junliangma.com\/wp-content\/uploads\/2023\/12\/2023-17-768x512.jpg 768w, https:\/\/junliangma.com\/wp-content\/uploads\/2023\/12\/2023-17.jpg 1500w\" sizes=\"(max-width: 1024px) 100vw, 1024px\" \/><\/figure>\n<\/div>\n<\/div>\n\n\n\n<div class=\"wp-block-columns is-layout-flex wp-container-17 wp-block-columns-is-layout-flex\">\n<div class=\"wp-block-column is-layout-flow wp-block-column-is-layout-flow\">\n<figure class=\"wp-block-image size-large\"><img decoding=\"async\" loading=\"lazy\" width=\"1024\" height=\"682\" src=\"https:\/\/junliangma.com\/wp-content\/uploads\/2023\/10\/DSCF4450\u62f7\u8c9d-1024x682.jpg\" alt=\"\" class=\"wp-image-272\" srcset=\"https:\/\/junliangma.com\/wp-content\/uploads\/2023\/10\/DSCF4450\u62f7\u8c9d-1024x682.jpg 1024w, https:\/\/junliangma.com\/wp-content\/uploads\/2023\/10\/DSCF4450\u62f7\u8c9d-300x200.jpg 300w, https:\/\/junliangma.com\/wp-content\/uploads\/2023\/10\/DSCF4450\u62f7\u8c9d-768x512.jpg 768w, https:\/\/junliangma.com\/wp-content\/uploads\/2023\/10\/DSCF4450\u62f7\u8c9d-1536x1024.jpg 1536w, https:\/\/junliangma.com\/wp-content\/uploads\/2023\/10\/DSCF4450\u62f7\u8c9d-1200x800.jpg 1200w, https:\/\/junliangma.com\/wp-content\/uploads\/2023\/10\/DSCF4450\u62f7\u8c9d-620x413.jpg 620w, https:\/\/junliangma.com\/wp-content\/uploads\/2023\/10\/DSCF4450\u62f7\u8c9d-400x267.jpg 400w, https:\/\/junliangma.com\/wp-content\/uploads\/2023\/10\/DSCF4450\u62f7\u8c9d.jpg 1817w\" sizes=\"(max-width: 1024px) 100vw, 1024px\" \/><\/figure>\n<\/div>\n\n\n\n<div class=\"wp-block-column is-layout-flow wp-block-column-is-layout-flow\">\n<figure class=\"wp-block-image size-large\"><img decoding=\"async\" loading=\"lazy\" width=\"1024\" height=\"683\" src=\"https:\/\/junliangma.com\/wp-content\/uploads\/2023\/12\/2023-09-1024x683.jpg\" alt=\"\" class=\"wp-image-370\" srcset=\"https:\/\/junliangma.com\/wp-content\/uploads\/2023\/12\/2023-09-1024x683.jpg 1024w, https:\/\/junliangma.com\/wp-content\/uploads\/2023\/12\/2023-09-300x200.jpg 300w, https:\/\/junliangma.com\/wp-content\/uploads\/2023\/12\/2023-09-768x512.jpg 768w, https:\/\/junliangma.com\/wp-content\/uploads\/2023\/12\/2023-09.jpg 1500w\" sizes=\"(max-width: 1024px) 100vw, 1024px\" \/><\/figure>\n<\/div>\n<\/div>\n\n\n\n<figure class=\"wp-block-image size-large\"><img decoding=\"async\" loading=\"lazy\" width=\"1024\" height=\"683\" src=\"https:\/\/junliangma.com\/wp-content\/uploads\/2023\/12\/2023-008-1024x683.jpg\" alt=\"\" class=\"wp-image-369\" srcset=\"https:\/\/junliangma.com\/wp-content\/uploads\/2023\/12\/2023-008-1024x683.jpg 1024w, https:\/\/junliangma.com\/wp-content\/uploads\/2023\/12\/2023-008-300x200.jpg 300w, https:\/\/junliangma.com\/wp-content\/uploads\/2023\/12\/2023-008-768x512.jpg 768w, https:\/\/junliangma.com\/wp-content\/uploads\/2023\/12\/2023-008.jpg 1500w\" sizes=\"(max-width: 1024px) 100vw, 1024px\" \/><\/figure>\n\n\n\n<div class=\"wp-block-columns is-layout-flex wp-container-19 wp-block-columns-is-layout-flex\">\n<div class=\"wp-block-column is-layout-flow wp-block-column-is-layout-flow\">\n<figure class=\"wp-block-image size-large\"><img decoding=\"async\" loading=\"lazy\" width=\"1024\" height=\"683\" src=\"https:\/\/junliangma.com\/wp-content\/uploads\/2023\/12\/2023-21-1024x683.jpg\" alt=\"\" class=\"wp-image-382\" srcset=\"https:\/\/junliangma.com\/wp-content\/uploads\/2023\/12\/2023-21-1024x683.jpg 1024w, https:\/\/junliangma.com\/wp-content\/uploads\/2023\/12\/2023-21-300x200.jpg 300w, https:\/\/junliangma.com\/wp-content\/uploads\/2023\/12\/2023-21-768x512.jpg 768w, https:\/\/junliangma.com\/wp-content\/uploads\/2023\/12\/2023-21.jpg 1500w\" sizes=\"(max-width: 1024px) 100vw, 1024px\" \/><\/figure>\n<\/div>\n<\/div>\n\n\n\n<div class=\"wp-block-columns is-layout-flex wp-container-22 wp-block-columns-is-layout-flex\">\n<div class=\"wp-block-column is-layout-flow wp-block-column-is-layout-flow\">\n<figure class=\"wp-block-image size-large\"><img decoding=\"async\" loading=\"lazy\" width=\"1024\" height=\"683\" src=\"https:\/\/junliangma.com\/wp-content\/uploads\/2023\/12\/2023-11-1024x683.jpg\" alt=\"\" class=\"wp-image-372\" srcset=\"https:\/\/junliangma.com\/wp-content\/uploads\/2023\/12\/2023-11-1024x683.jpg 1024w, https:\/\/junliangma.com\/wp-content\/uploads\/2023\/12\/2023-11-300x200.jpg 300w, https:\/\/junliangma.com\/wp-content\/uploads\/2023\/12\/2023-11-768x512.jpg 768w, https:\/\/junliangma.com\/wp-content\/uploads\/2023\/12\/2023-11.jpg 1500w\" sizes=\"(max-width: 1024px) 100vw, 1024px\" \/><\/figure>\n<\/div>\n\n\n\n<div class=\"wp-block-column is-layout-flow wp-block-column-is-layout-flow\">\n<figure class=\"wp-block-image size-full\"><img decoding=\"async\" loading=\"lazy\" width=\"1000\" height=\"667\" src=\"https:\/\/junliangma.com\/wp-content\/uploads\/2023\/12\/2023-10.jpg\" alt=\"\" class=\"wp-image-371\" srcset=\"https:\/\/junliangma.com\/wp-content\/uploads\/2023\/12\/2023-10.jpg 1000w, https:\/\/junliangma.com\/wp-content\/uploads\/2023\/12\/2023-10-300x200.jpg 300w, https:\/\/junliangma.com\/wp-content\/uploads\/2023\/12\/2023-10-768x512.jpg 768w\" sizes=\"(max-width: 1000px) 100vw, 1000px\" \/><\/figure>\n<\/div>\n<\/div>\n\n\n\n<p class=\"has-helvetica-neue-font-family has-small-font-size\" style=\"font-style:normal;font-weight:300\">Sortie de r\u00e9sidence \u00e0 Saint-Quentin-la-Poterie en 2023<\/p>\n\n\n\n<div class=\"wp-block-columns is-layout-flex wp-container-25 wp-block-columns-is-layout-flex\">\n<div class=\"wp-block-column is-layout-flow wp-block-column-is-layout-flow\"><\/div>\n\n\n\n<div class=\"wp-block-column is-layout-flow wp-block-column-is-layout-flow\"><\/div>\n<\/div>\n","protected":false},"excerpt":{"rendered":"<p>Pic camoufl\u00e9 Il s\u2019agit d\u2019une exp\u00e9rience personnelle qui [&hellip;]<\/p>\n","protected":false},"author":1,"featured_media":0,"parent":551,"menu_order":1,"comment_status":"closed","ping_status":"closed","template":"","meta":{"_ti_tpc_template_sync":false,"_ti_tpc_template_id":"","footnotes":""},"_links":{"self":[{"href":"https:\/\/junliangma.com\/index.php\/wp-json\/wp\/v2\/pages\/178"}],"collection":[{"href":"https:\/\/junliangma.com\/index.php\/wp-json\/wp\/v2\/pages"}],"about":[{"href":"https:\/\/junliangma.com\/index.php\/wp-json\/wp\/v2\/types\/page"}],"author":[{"embeddable":true,"href":"https:\/\/junliangma.com\/index.php\/wp-json\/wp\/v2\/users\/1"}],"replies":[{"embeddable":true,"href":"https:\/\/junliangma.com\/index.php\/wp-json\/wp\/v2\/comments?post=178"}],"version-history":[{"count":19,"href":"https:\/\/junliangma.com\/index.php\/wp-json\/wp\/v2\/pages\/178\/revisions"}],"predecessor-version":[{"id":673,"href":"https:\/\/junliangma.com\/index.php\/wp-json\/wp\/v2\/pages\/178\/revisions\/673"}],"up":[{"embeddable":true,"href":"https:\/\/junliangma.com\/index.php\/wp-json\/wp\/v2\/pages\/551"}],"wp:attachment":[{"href":"https:\/\/junliangma.com\/index.php\/wp-json\/wp\/v2\/media?parent=178"}],"curies":[{"name":"wp","href":"https:\/\/api.w.org\/{rel}","templated":true}]}}